{"id":24,"date":"2025-03-20T16:55:10","date_gmt":"2025-03-20T13:55:10","guid":{"rendered":"https:\/\/italyankahve.com\/shop\/?post_type=product&#038;p=24"},"modified":"2026-04-16T13:13:41","modified_gmt":"2026-04-16T10:13:41","slug":"cartapani-1951-espresso-casa-cekirdek-kahve-1000gr","status":"publish","type":"product","link":"https:\/\/italyankahve.com\/shop\/cekirdek-kahveler\/cartapani-1951-espresso-casa-cekirdek-kahve-1000gr\/","title":{"rendered":"Espresso Casa \u00c7ekirdek Kahve 1000gr"},"content":{"rendered":"<p><strong>Cartapani 1951 Espresso Casa \u00c7ekirdek Kahve 1000gr<\/strong><br \/>\n<em>Klasik Kahve Harman\u0131<br \/>\n<\/em><\/p>\n<p>Ev tipi espresso makineleri i\u00e7in en kaliteli Arabica ve Robusta kahve \u00e7ekirdeklerinden elde edilen kendine \u00f6zg\u00fc ve dolgun bir tada sahip kahve harman\u0131d\u0131r.<\/p>\n<p>G\u00fcney Amerika ve Asya\u2019dan \u00f6zenle se\u00e7ilmi\u015f kahve \u00e7ekirdekleri ile harmanlanm\u0131\u015ft\u0131r.<\/p>\n<p>Orijinal\u00a0<strong>\u0130talyan Kahve<\/strong>\u00a0: 1951\u2019den beri \u0130talya\u2019da \u00dcretilmektedir.<\/p>\n<h3 class=\"J0lOec\"><strong><span class=\"VIiyi\" lang=\"tr\"><span class=\"JLqJ4b ChMk0b\" data-language-for-alternatives=\"tr\" data-language-to-translate-into=\"en\" data-phrase-index=\"0\" data-number-of-phrases=\"1\"><span class=\"Q4iAWc\">B\u0131rak\u0131n Damak Zevkiniz Karar Versin<\/span><\/span><\/span><\/strong><\/h3>\n<p><strong>Espresso Casa<\/strong>\u00a0ile m\u00fc\u015fterilerimize sunmak istedi\u011fimiz kahvenin lezzetini, kokusunu, a\u011f\u0131zda b\u0131rakt\u0131\u011f\u0131 tad\u0131 ve hissettirdiklerini tam olarak kalibre etmek i\u00e7in, yeni nesil \u00fcretim tesisleri ile\u00a0<strong>Cartapani<\/strong>\u00a0\u015firketinin tarihi bilgi birikimi bir araya getirildi.<\/p>\n<p>Cartapani, 2017 y\u0131l\u0131nda yeni merkezi Borgosatollo\u2019ya ta\u015f\u0131nd\u0131 ve yeni kahve harman\u0131\u00a0<strong>CARTAPANI ESPRESSO CASA<\/strong>\u00a0yarat\u0131ld\u0131.\u00a0<strong>4.0 teknolojisine sahip \u00fcretim tesisi kullanan ilk kahve \u015firketidir.<\/strong><\/p>\n<p>Gelin ve kahvenin\u00a0<strong>Tutku 4.0<\/strong>\u2018\u0131n sonucu oldu\u011fu bir d\u00fcnyay\u0131 kendiniz tad\u0131n.<\/p>\n<div style=\"display: flex; justify-content: left; align-items: center; width: 100%;\">\n<div style=\"width: 100px; text-align: center;\"><img decoding=\"async\" class=\"alignleft\" style=\"max-width: 60px;\" src=\"https:\/\/italyankahve.com\/wp-content\/uploads\/2022\/08\/espresso_casa_1000.jpg\" alt=\"Espresso Casa\" \/><\/div>\n<div style=\"margin-left: 20px; font-size: 13px; min-width: 180px;\">\n<div style=\"display: flex; justify-content: space-between; text-align: left;\">Aroma<span style=\"color: #6f4e37;\">\u2605\u2605\u2605\u2605\u2606<\/span><\/div>\n<div style=\"display: flex; justify-content: space-between; text-align: left;\">Kremams\u0131l\u0131k<span style=\"color: #6f4e37;\">\u2605\u2605\u2605\u2605\u2606<\/span><\/div>\n<div style=\"display: flex; justify-content: space-between; text-align: left;\">Meyvemsilik<span style=\"color: #6f4e37;\">\u2605\u2605\u2606\u2606\u2606<\/span><\/div>\n<div style=\"display: flex; justify-content: space-between; text-align: left;\">Tatl\u0131l\u0131k<span style=\"color: #6f4e37;\">\u2605\u2605\u2605\u2605\u2606<\/span><\/div>\n<div style=\"display: flex; justify-content: space-between; text-align: left;\">Yo\u011funluk<span style=\"color: #6f4e37;\">\u2605\u2605\u2605\u2605\u2606<\/span><\/div>\n<\/div>\n<\/div>\n<p>%25 Arabica ve %75 Robusta \u00c7ekirdeklerinden Harmanlanm\u0131\u015ft\u0131r<\/p>\n<p>TETT : 31.08.2027<\/p>\n","protected":false},"excerpt":{"rendered":"<p><strong>Cartapani 1951 Espresso Casa \u00c7ekirdek Kahve 1000gr<\/strong><br \/>\n<em>Klasik Kahve Harman\u0131<\/em><\/p>\n","protected":false},"featured_media":25,"template":"","meta":{"advanced_seo_description":""},"product_cat":[15,20],"product_tag":[19],"_links":{"self":[{"href":"https:\/\/italyankahve.com\/shop\/wp-json\/wp\/v2\/product\/24"}],"collection":[{"href":"https:\/\/italyankahve.com\/shop\/wp-json\/wp\/v2\/product"}],"about":[{"href":"https:\/\/italyankahve.com\/shop\/wp-json\/wp\/v2\/types\/product"}],"wp:featuredmedia":[{"embeddable":true,"href":"https:\/\/italyankahve.com\/shop\/wp-json\/wp\/v2\/media\/25"}],"wp:attachment":[{"href":"https:\/\/italyankahve.com\/shop\/wp-json\/wp\/v2\/media?parent=24"}],"wp:term":[{"taxonomy":"product_cat","embeddable":true,"href":"https:\/\/italyankahve.com\/shop\/wp-json\/wp\/v2\/product_cat?post=24"},{"taxonomy":"product_tag","embeddable":true,"href":"https:\/\/italyankahve.com\/shop\/wp-json\/wp\/v2\/product_tag?post=24"}],"curies":[{"name":"wp","href":"https:\/\/api.w.org\/{rel}","templated":true}]}}