{"id":22,"date":"2025-03-20T16:53:05","date_gmt":"2025-03-20T13:53:05","guid":{"rendered":"https:\/\/italyankahve.com\/shop\/?post_type=product&#038;p=22"},"modified":"2026-03-17T15:37:21","modified_gmt":"2026-03-17T12:37:21","slug":"cartapani-1951-excelsor-cekirdek-kahve-1000gr","status":"publish","type":"product","link":"https:\/\/italyankahve.com\/shop\/cekirdek-kahveler\/cartapani-1951-excelsor-cekirdek-kahve-1000gr\/","title":{"rendered":"Excelsor \u00c7ekirdek Kahve 1000gr"},"content":{"rendered":"<p><strong>Cartapani 1951 Excelsor \u00c7ekirdek Kahve 1000gr<\/strong><br \/>\n<em>\u00dcst\u00fcn Kaliteli Kahve Harman\u0131<br \/>\n<\/em><\/p>\n<p>\u00d6zenle se\u00e7ilmi\u015f kahve \u00e7ekirdeklerinin karakteristik lezzetlerini ortaya \u00e7\u0131karan g\u00fc\u00e7l\u00fc bir harman. End\u00fcstri 4.0 teknolojisi ile ger\u00e7ekle\u015fen yava\u015f kavurma i\u015flemi, her \u00e7ekirdek t\u00fcr\u00fcn\u00fcn kendine has lezzetini ayr\u0131 ayr\u0131 \u00f6ne \u00e7\u0131kart\u0131yor.<\/p>\n<p>Elde edilen sonu\u00e7; yumu\u015fak bir tada sahip,\u00a0 aroma a\u00e7\u0131s\u0131ndan zengin ve m\u00fckemmel dengeli, dolgun bir bir fincand\u0131r.<\/p>\n<p>A\u011f\u0131zda kalan tat, kakao notalar\u0131 ile tatl\u0131 ve kal\u0131c\u0131d\u0131r.<\/p>\n<p>Orta Amerika, G\u00fcney Amerika ve Hindistan\u2019dan \u00f6zenle se\u00e7ilmi\u015f kahve \u00e7ekirdekleri ile harmanlanm\u0131\u015ft\u0131r.<\/p>\n<p>Orijinal\u00a0<strong>\u0130talyan Kahve<\/strong>\u00a0: 1951\u2019den beri \u0130talya\u2019da \u00dcretilmektedir.<\/p>\n<div style=\"display: flex; justify-content: left; align-items: center; width: 100%;\">\n<div style=\"width: 100px; text-align: center;\"><img decoding=\"async\" style=\"max-width: 60px;\" src=\"https:\/\/italyankahve.com\/wp-content\/uploads\/2022\/08\/excelsor.jpg\" alt=\"Excelsor\" \/><\/div>\n<div style=\"margin-left: 20px; font-size: 13px; min-width: 180px;\">\n<div style=\"display: flex; justify-content: space-between;\">Aroma<span style=\"color: #6f4e37;\">\u2605\u2605\u2605\u2605\u2606<\/span><\/div>\n<div style=\"display: flex; justify-content: space-between;\">Kremams\u0131l\u0131k<span style=\"color: #6f4e37;\">\u2605\u2605\u2605\u2605\u2606<\/span><\/div>\n<div style=\"display: flex; justify-content: space-between;\">Meyvemsilik<span style=\"color: #6f4e37;\">\u2605\u2605\u2605\u2606\u2606<\/span><\/div>\n<div style=\"display: flex; justify-content: space-between;\">Tatl\u0131l\u0131k<span style=\"color: #6f4e37;\">\u2605\u2605\u2605\u2605\u2605<\/span><\/div>\n<div style=\"display: flex; justify-content: space-between;\">Yo\u011funluk<span style=\"color: #6f4e37;\">\u2605\u2605\u2605\u2605\u2606<\/span><\/div>\n<div style=\"display: flex; justify-content: space-between;\">G\u00f6vde<span style=\"color: #6f4e37;\">\u2605\u2605\u2605\u2605\u2606<\/span><\/div>\n<\/div>\n<\/div>\n<p>%70 Arabica ve %30 Robusta \u00c7ekirdeklerinden Harmanlanm\u0131\u015ft\u0131r<\/p>\n<p>TETT : 31.10.2027<\/p>\n","protected":false},"excerpt":{"rendered":"<p><strong>Cartapani 1951 Excelsor \u00c7ekirdek Kahve 1000gr<\/strong><br \/>\n<em>\u00dcst\u00fcn Kaliteli Kahve Harman\u0131<\/em><\/p>\n","protected":false},"featured_media":23,"template":"","meta":{"advanced_seo_description":""},"product_cat":[15,20],"product_tag":[19],"_links":{"self":[{"href":"https:\/\/italyankahve.com\/shop\/wp-json\/wp\/v2\/product\/22"}],"collection":[{"href":"https:\/\/italyankahve.com\/shop\/wp-json\/wp\/v2\/product"}],"about":[{"href":"https:\/\/italyankahve.com\/shop\/wp-json\/wp\/v2\/types\/product"}],"wp:featuredmedia":[{"embeddable":true,"href":"https:\/\/italyankahve.com\/shop\/wp-json\/wp\/v2\/media\/23"}],"wp:attachment":[{"href":"https:\/\/italyankahve.com\/shop\/wp-json\/wp\/v2\/media?parent=22"}],"wp:term":[{"taxonomy":"product_cat","embeddable":true,"href":"https:\/\/italyankahve.com\/shop\/wp-json\/wp\/v2\/product_cat?post=22"},{"taxonomy":"product_tag","embeddable":true,"href":"https:\/\/italyankahve.com\/shop\/wp-json\/wp\/v2\/product_tag?post=22"}],"curies":[{"name":"wp","href":"https:\/\/api.w.org\/{rel}","templated":true}]}}