{"id":20,"date":"2025-03-20T16:50:12","date_gmt":"2025-03-20T13:50:12","guid":{"rendered":"https:\/\/italyankahve.com\/shop\/?post_type=product&#038;p=20"},"modified":"2026-04-16T13:13:42","modified_gmt":"2026-04-16T10:13:42","slug":"cartapani-1951-cinquestelle-cekirdek-kahve-1000gr","status":"publish","type":"product","link":"https:\/\/italyankahve.com\/shop\/cekirdek-kahveler\/cartapani-1951-cinquestelle-cekirdek-kahve-1000gr\/","title":{"rendered":"Cinquestelle \u00c7ekirdek Kahve 1000gr"},"content":{"rendered":"<p><strong>Cartapani 1951 Cinquestelle \u00c7ekirdek Kahve 1000gr<\/strong><br \/>\n<em>\u00dcst\u00fcn Kahvenin Yo\u011fun Keyfi<\/em><\/p>\n<p>\u00d6zenle se\u00e7ilmi\u015f kahve \u00e7ekirdeklerinin, duyulara hitap eden niteliklerinin korunmas\u0131 i\u00e7in yava\u015f ve kontroll\u00fc bir \u015fekilde, her t\u00fcr\u00fc ayr\u0131 ayr\u0131 kavrularak olu\u015fturulan en kaliteli kahve \u00e7ekirde\u011fi harman\u0131d\u0131r.<\/p>\n<p>Yumu\u015fak, baharatl\u0131 ve dengeli asidite notalar\u0131 ve yo\u011fun, meyveli ve tam g\u00f6vdeli aromas\u0131 ile \u00e7ekici bir koku sa\u011flar.\u00a0 A\u011f\u0131zda kalan tat p\u00fcr\u00fczs\u00fcz, zarif ve kal\u0131c\u0131d\u0131r.<\/p>\n<p>Orta Amerika, G\u00fcney Amerika ve Hindistan\u2019dan \u00f6zenle se\u00e7ilmi\u015f kahve \u00e7ekirdekleri ile harmanlanm\u0131\u015ft\u0131r.<\/p>\n<p>Orijinal\u00a0<strong>\u0130talyan Kahve<\/strong>\u00a0: 1951\u2019den beri \u0130talya\u2019da \u00dcretilmektedir.<\/p>\n<div style=\"display: flex; justify-content: left; align-items: center; width: 100%;\">\n<div style=\"width: 100px; text-align: center;\"><img decoding=\"async\" style=\"max-width: 60px;\" src=\"https:\/\/italyankahve.com\/wp-content\/uploads\/2022\/08\/cinquestelle.jpg\" alt=\"Cinquestelle\" \/><\/div>\n<div style=\"margin-left: 20px; font-size: 13px; min-width: 180px;\">\n<div style=\"display: flex; justify-content: space-between;\">Aroma<span style=\"color: #6f4e37;\">\u2605\u2605\u2605\u2605\u2605<\/span><\/div>\n<div style=\"display: flex; justify-content: space-between;\">Kremams\u0131l\u0131k<span style=\"color: #6f4e37;\">\u2605\u2605\u2605\u2605\u2606<\/span><\/div>\n<div style=\"display: flex; justify-content: space-between;\">Meyvemsilik<span style=\"color: #6f4e37;\">\u2605\u2605\u2605\u2605\u2605<\/span><\/div>\n<div style=\"display: flex; justify-content: space-between;\">Tatl\u0131l\u0131k<span style=\"color: #6f4e37;\">\u2605\u2605\u2605\u2605\u2605<\/span><\/div>\n<div style=\"display: flex; justify-content: space-between;\">Yo\u011funluk<span style=\"color: #6f4e37;\">\u2605\u2605\u2605\u2605\u2605<\/span><\/div>\n<div style=\"display: flex; justify-content: space-between;\">G\u00f6vde<span style=\"color: #6f4e37;\">\u2605\u2605\u2605\u2605\u2606<\/span><\/div>\n<\/div>\n<\/div>\n<p>%90 Arabica ve %10 Robusta \u00c7ekirdeklerinden Harmanlanm\u0131\u015ft\u0131r<\/p>\n<p>TETT : 31.10.2027<\/p>\n","protected":false},"excerpt":{"rendered":"<p><strong>Cartapani 1951 Cinquestelle \u00c7ekirdek Kahve 1000gr<\/strong><br \/>\n<em>\u00dcst\u00fcn Kahvenin Yo\u011fun Keyfi<\/em><\/p>\n","protected":false},"featured_media":21,"template":"","meta":{"advanced_seo_description":""},"product_cat":[15,20],"product_tag":[32,30,33,31,19,34,28,29,27,26],"_links":{"self":[{"href":"https:\/\/italyankahve.com\/shop\/wp-json\/wp\/v2\/product\/20"}],"collection":[{"href":"https:\/\/italyankahve.com\/shop\/wp-json\/wp\/v2\/product"}],"about":[{"href":"https:\/\/italyankahve.com\/shop\/wp-json\/wp\/v2\/types\/product"}],"wp:featuredmedia":[{"embeddable":true,"href":"https:\/\/italyankahve.com\/shop\/wp-json\/wp\/v2\/media\/21"}],"wp:attachment":[{"href":"https:\/\/italyankahve.com\/shop\/wp-json\/wp\/v2\/media?parent=20"}],"wp:term":[{"taxonomy":"product_cat","embeddable":true,"href":"https:\/\/italyankahve.com\/shop\/wp-json\/wp\/v2\/product_cat?post=20"},{"taxonomy":"product_tag","embeddable":true,"href":"https:\/\/italyankahve.com\/shop\/wp-json\/wp\/v2\/product_tag?post=20"}],"curies":[{"name":"wp","href":"https:\/\/api.w.org\/{rel}","templated":true}]}}